{"id":1952,"date":"2025-05-11T08:19:09","date_gmt":"2025-05-11T08:19:09","guid":{"rendered":"https:\/\/solvior.themejunction.net\/?page_id=1952"},"modified":"2025-09-25T09:32:34","modified_gmt":"2025-09-25T09:32:34","slug":"servicios","status":"publish","type":"page","link":"https:\/\/toyoasesores.codimatic.com\/index.php\/servicios\/","title":{"rendered":"Servicios"},"content":{"rendered":"\t\t<div data-elementor-type=\"wp-page\" data-elementor-id=\"1952\" class=\"elementor elementor-1952\">\n\t\t\t\t<div class=\"elementor-element elementor-element-1ccefee e-con-full e-flex e-con e-parent\" data-id=\"1ccefee\" data-element_type=\"container\" data-e-type=\"container\" data-settings=\"{&quot;background_background&quot;:&quot;classic&quot;}\">\n\t\t\t\t<div class=\"elementor-element elementor-element-66bf1fe elementor-widget elementor-widget-tj-banner-four\" data-id=\"66bf1fe\" data-element_type=\"widget\" data-e-type=\"widget\" data-widget_type=\"tj-banner-four.default\">\n\t\t\t\t<div class=\"elementor-widget-container\">\n\t\t\t\t\t\n<!-- start: Banner -->\n<section class=\"tj-hero-section-three el-section\">\n  <div class=\"container\">\n    <div class=\"row\">\n      <div class=\"hero-wrapper-three\">\n        <div class=\"hero-content-area\">\n          <div class=\"hero-content-three\">\n            <h1 class=\"hero-title hero-el-title text-anim\">Tu empresa merece un acompa\u00f1amiento legal y fiscal a la altura de sus <span>objetivos <\/span>  <\/h1>                          <div data-wow-delay=\"s\" class=\"desc hero-el-desc wow fadeInUp\">\n                En ToyoAsesores ofrecemos soluciones fiscales, contables, laborales y jur\u00eddicas con un enfoque estrat\u00e9gico y personalizado para empresas que valoran la excelencia.              <\/div>\n                        <div class=\"btn-area\">\n                                            <div class=\"client-experience\">\n                  <ul class=\"images-thumb\">\n                                                                                <\/ul>\n                <\/div>\n                          <\/div>\n                      <\/div>\n                  <\/div>\n                  <div data-wow-delay=\"0.3s\" class=\"hero-images-box-three wow fadeInRight\">\n            <img decoding=\"async\" src=\"https:\/\/solvior.themejunction.net\/wp-content\/uploads\/2025\/05\/h4-hero.webp\" alt=\"\" \/>\n          <\/div>\n                      <\/div>\n    <\/div>\n  <\/div>\n\n      <div class=\"hero-three-bg el-bg-image\" data-bg-image=\"https:\/\/solvior.themejunction.net\/wp-content\/uploads\/2025\/05\/h4-hero-bg.webp\"><\/div>\n    <\/section>\n\n\n\n\n\n\n\n\n<!-- end: Banner -->\t\t\t\t<\/div>\n\t\t\t\t<\/div>\n\t\t\t\t<\/div>\n\t\t<div class=\"elementor-element elementor-element-cdbfe91 e-flex e-con-boxed e-con e-parent\" data-id=\"cdbfe91\" data-element_type=\"container\" data-e-type=\"container\">\n\t\t\t\t\t<div class=\"e-con-inner\">\n\t\t<div class=\"elementor-element elementor-element-04055ea e-con-full e-flex e-con e-child\" data-id=\"04055ea\" data-element_type=\"container\" data-e-type=\"container\">\n\t\t<div class=\"elementor-element elementor-element-51b34d7 e-con-full e-flex e-con e-child\" data-id=\"51b34d7\" data-element_type=\"container\" data-e-type=\"container\">\n\t\t<div class=\"elementor-element elementor-element-6d029c5 e-con-full e-flex elementor-invisible e-con e-child\" data-id=\"6d029c5\" data-element_type=\"container\" data-e-type=\"container\" data-settings=\"{&quot;animation&quot;:&quot;fadeInLeft&quot;}\">\n\t\t<div class=\"elementor-element elementor-element-8adfee7 e-con-full e-flex e-con e-child\" data-id=\"8adfee7\" data-element_type=\"container\" data-e-type=\"container\">\n\t\t\t\t<div class=\"elementor-element elementor-element-7af08d3 elementor-widget elementor-widget-heading\" data-id=\"7af08d3\" data-element_type=\"widget\" data-e-type=\"widget\" data-widget_type=\"heading.default\">\n\t\t\t\t<div class=\"elementor-widget-container\">\n\t\t\t\t\t<h2 class=\"elementor-heading-title elementor-size-default\">Asesor\u00eda Fiscal para Empresas<\/h2>\t\t\t\t<\/div>\n\t\t\t\t<\/div>\n\t\t\t\t<div class=\"elementor-element elementor-element-634a05b elementor-widget elementor-widget-text-editor\" data-id=\"634a05b\" data-element_type=\"widget\" data-e-type=\"widget\" data-widget_type=\"text-editor.default\">\n\t\t\t\t<div class=\"elementor-widget-container\">\n\t\t\t\t\t\t\t\t\t<p data-start=\"207\" data-end=\"264\">Optimiza tus impuestos con seguridad y visi\u00f3n estrat\u00e9gica<\/p><p data-start=\"266\" data-end=\"530\">En ToyoAsesores te ayudamos a planificar, cumplir y tomar decisiones fiscales con total tranquilidad.<\/p><p data-start=\"266\" data-end=\"530\">Nos encargamos de tus obligaciones tributarias con un enfoque preventivo y personalizado, anticip\u00e1ndonos a incidencias y adapt\u00e1ndonos a la realidad de tu negocio.<\/p>\t\t\t\t\t\t\t\t<\/div>\n\t\t\t\t<\/div>\n\t\t\t\t<\/div>\n\t\t<div class=\"elementor-element elementor-element-5d39393 e-con-full e-flex e-con e-child\" data-id=\"5d39393\" data-element_type=\"container\" data-e-type=\"container\" data-settings=\"{&quot;background_background&quot;:&quot;classic&quot;}\">\n\t\t\t\t<\/div>\n\t\t\t\t<\/div>\n\t\t<div class=\"elementor-element elementor-element-7e4b898 e-con-full e-flex elementor-invisible e-con e-child\" data-id=\"7e4b898\" data-element_type=\"container\" data-e-type=\"container\" data-settings=\"{&quot;animation&quot;:&quot;fadeInRight&quot;}\">\n\t\t<div class=\"elementor-element elementor-element-22e4918 e-con-full e-flex e-con e-child\" data-id=\"22e4918\" data-element_type=\"container\" data-e-type=\"container\">\n\t\t\t\t<div class=\"elementor-element elementor-element-74e6105 elementor-widget elementor-widget-heading\" data-id=\"74e6105\" data-element_type=\"widget\" data-e-type=\"widget\" data-widget_type=\"heading.default\">\n\t\t\t\t<div class=\"elementor-widget-container\">\n\t\t\t\t\t<h2 class=\"elementor-heading-title elementor-size-default\">Asesor\u00eda Contable Profesional<\/h2>\t\t\t\t<\/div>\n\t\t\t\t<\/div>\n\t\t\t\t<div class=\"elementor-element elementor-element-7af95c5 elementor-widget elementor-widget-text-editor\" data-id=\"7af95c5\" data-element_type=\"widget\" data-e-type=\"widget\" data-widget_type=\"text-editor.default\">\n\t\t\t\t<div class=\"elementor-widget-container\">\n\t\t\t\t\t\t\t\t\t<p data-start=\"207\" data-end=\"264\">Gestionamos tu contabilidad con precisi\u00f3n, transparencia y visi\u00f3n empresarial.<\/p><p data-start=\"375\" data-end=\"602\">Adaptamos cada informe y balance a tus necesidades para que puedas tener una imagen fiel de tu empresa y tomar decisiones informadas, sin sorpresas.<\/p>\t\t\t\t\t\t\t\t<\/div>\n\t\t\t\t<\/div>\n\t\t\t\t<\/div>\n\t\t<div class=\"elementor-element elementor-element-043b761 e-con-full e-flex e-con e-child\" data-id=\"043b761\" data-element_type=\"container\" data-e-type=\"container\" data-settings=\"{&quot;background_background&quot;:&quot;classic&quot;}\">\n\t\t\t\t<\/div>\n\t\t\t\t<\/div>\n\t\t\t\t<\/div>\n\t\t\t\t<\/div>\n\t\t<div class=\"elementor-element elementor-element-ffb5b41 e-con-full e-flex e-con e-child\" data-id=\"ffb5b41\" data-element_type=\"container\" data-e-type=\"container\">\n\t\t<div class=\"elementor-element elementor-element-d88115a e-con-full e-flex e-con e-child\" data-id=\"d88115a\" data-element_type=\"container\" data-e-type=\"container\">\n\t\t<div class=\"elementor-element elementor-element-ec5a0b9 e-con-full e-flex elementor-invisible e-con e-child\" data-id=\"ec5a0b9\" data-element_type=\"container\" data-e-type=\"container\" data-settings=\"{&quot;animation&quot;:&quot;fadeInLeft&quot;}\">\n\t\t<div class=\"elementor-element elementor-element-1fbd3a5 e-con-full e-flex e-con e-child\" data-id=\"1fbd3a5\" data-element_type=\"container\" data-e-type=\"container\">\n\t\t\t\t<div class=\"elementor-element elementor-element-1f9aa5d elementor-widget elementor-widget-heading\" data-id=\"1f9aa5d\" data-element_type=\"widget\" data-e-type=\"widget\" data-widget_type=\"heading.default\">\n\t\t\t\t<div class=\"elementor-widget-container\">\n\t\t\t\t\t<h2 class=\"elementor-heading-title elementor-size-default\">Asesor\u00eda Laboral para Empresas<\/h2>\t\t\t\t<\/div>\n\t\t\t\t<\/div>\n\t\t\t\t<div class=\"elementor-element elementor-element-3cb0be7 elementor-widget elementor-widget-text-editor\" data-id=\"3cb0be7\" data-element_type=\"widget\" data-e-type=\"widget\" data-widget_type=\"text-editor.default\">\n\t\t\t\t<div class=\"elementor-widget-container\">\n\t\t\t\t\t\t\t\t\t<p data-start=\"653\" data-end=\"705\">Tranquilidad legal y humana en cada relaci\u00f3n laboral<\/p><p data-start=\"707\" data-end=\"933\">Nos ocupamos de la gesti\u00f3n laboral de tu empresa con un enfoque preventivo y personalizado.<\/p><p data-start=\"707\" data-end=\"933\">Desde la elaboraci\u00f3n de contratos hasta la representaci\u00f3n ante inspecciones, velamos por la seguridad de tu equipo y la de tu negocio.<\/p>\t\t\t\t\t\t\t\t<\/div>\n\t\t\t\t<\/div>\n\t\t\t\t<\/div>\n\t\t<div class=\"elementor-element elementor-element-a11b5f0 e-con-full e-flex e-con e-child\" data-id=\"a11b5f0\" data-element_type=\"container\" data-e-type=\"container\" data-settings=\"{&quot;background_background&quot;:&quot;classic&quot;}\">\n\t\t\t\t<\/div>\n\t\t\t\t<\/div>\n\t\t<div class=\"elementor-element elementor-element-d86bd08 e-con-full e-flex elementor-invisible e-con e-child\" data-id=\"d86bd08\" data-element_type=\"container\" data-e-type=\"container\" data-settings=\"{&quot;animation&quot;:&quot;fadeInRight&quot;}\">\n\t\t<div class=\"elementor-element elementor-element-df5da34 e-con-full e-flex e-con e-child\" data-id=\"df5da34\" data-element_type=\"container\" data-e-type=\"container\">\n\t\t\t\t<div class=\"elementor-element elementor-element-c38a718 elementor-widget elementor-widget-heading\" data-id=\"c38a718\" data-element_type=\"widget\" data-e-type=\"widget\" data-widget_type=\"heading.default\">\n\t\t\t\t<div class=\"elementor-widget-container\">\n\t\t\t\t\t<h2 class=\"elementor-heading-title elementor-size-default\">Asesor\u00eda Jur\u00eddica Empresarial<\/h2>\t\t\t\t<\/div>\n\t\t\t\t<\/div>\n\t\t\t\t<div class=\"elementor-element elementor-element-5952648 elementor-widget elementor-widget-text-editor\" data-id=\"5952648\" data-element_type=\"widget\" data-e-type=\"widget\" data-widget_type=\"text-editor.default\">\n\t\t\t\t<div class=\"elementor-widget-container\">\n\t\t\t\t\t\t\t\t\t<p data-start=\"983\" data-end=\"1040\">Protecci\u00f3n legal en cada paso de tu actividad empresarial<\/p><p data-start=\"1042\" data-end=\"1282\">Nuestros abogados te asesoran en todas las \u00e1reas legales que afectan a tu empresa: mercantil, civil o penal econ\u00f3mico.<\/p><p data-start=\"1042\" data-end=\"1282\">Revisi\u00f3n de contratos, resoluci\u00f3n de conflictos y respaldo jur\u00eddico en decisiones clave para tu tranquilidad y seguridad.<\/p>\t\t\t\t\t\t\t\t<\/div>\n\t\t\t\t<\/div>\n\t\t\t\t<\/div>\n\t\t<div class=\"elementor-element elementor-element-14a3f31 e-con-full e-flex e-con e-child\" data-id=\"14a3f31\" data-element_type=\"container\" data-e-type=\"container\" data-settings=\"{&quot;background_background&quot;:&quot;classic&quot;}\">\n\t\t\t\t<\/div>\n\t\t\t\t<\/div>\n\t\t\t\t<\/div>\n\t\t\t\t<\/div>\n\t\t<div class=\"elementor-element elementor-element-041bf8d e-con-full e-flex e-con e-child\" data-id=\"041bf8d\" data-element_type=\"container\" data-e-type=\"container\">\n\t\t<div class=\"elementor-element elementor-element-262d284 e-con-full e-flex elementor-invisible e-con e-child\" data-id=\"262d284\" data-element_type=\"container\" data-e-type=\"container\" data-settings=\"{&quot;animation&quot;:&quot;fadeInLeft&quot;}\">\n\t\t<div class=\"elementor-element elementor-element-abd33d9 e-con-full e-flex e-con e-child\" data-id=\"abd33d9\" data-element_type=\"container\" data-e-type=\"container\">\n\t\t\t\t<div class=\"elementor-element elementor-element-a037d25 elementor-widget elementor-widget-heading\" data-id=\"a037d25\" data-element_type=\"widget\" data-e-type=\"widget\" data-widget_type=\"heading.default\">\n\t\t\t\t<div class=\"elementor-widget-container\">\n\t\t\t\t\t<h2 class=\"elementor-heading-title elementor-size-default\">Gesti\u00f3n de Herencias y Tr\u00e1mites Notariales<\/h2>\t\t\t\t<\/div>\n\t\t\t\t<\/div>\n\t\t\t\t<div class=\"elementor-element elementor-element-1880102 elementor-widget elementor-widget-text-editor\" data-id=\"1880102\" data-element_type=\"widget\" data-e-type=\"widget\" data-widget_type=\"text-editor.default\">\n\t\t\t\t<div class=\"elementor-widget-container\">\n\t\t\t\t\t\t\t\t\t<p data-start=\"1345\" data-end=\"1389\">Confianza y claridad en momentos importantes<\/p><p data-start=\"1391\" data-end=\"1619\">Te acompa\u00f1amos en la gesti\u00f3n de herencias y tr\u00e1mites notariales con cercan\u00eda, profesionalidad y m\u00e1xima discreci\u00f3n.<\/p><p data-start=\"1391\" data-end=\"1619\">Nos encargamos de todo el proceso para que t\u00fa solo tengas que tomar decisiones con la informaci\u00f3n clara y segura.<\/p>\t\t\t\t\t\t\t\t<\/div>\n\t\t\t\t<\/div>\n\t\t\t\t<\/div>\n\t\t<div class=\"elementor-element elementor-element-0b036f6 e-con-full e-flex e-con e-child\" data-id=\"0b036f6\" data-element_type=\"container\" data-e-type=\"container\" data-settings=\"{&quot;background_background&quot;:&quot;classic&quot;}\">\n\t\t\t\t<\/div>\n\t\t\t\t<\/div>\n\t\t<div class=\"elementor-element elementor-element-474d973 e-con-full e-flex e-con e-child\" data-id=\"474d973\" data-element_type=\"container\" data-e-type=\"container\">\n\t\t<div class=\"elementor-element elementor-element-e712f54 e-con-full e-flex elementor-invisible e-con e-child\" data-id=\"e712f54\" data-element_type=\"container\" data-e-type=\"container\" data-settings=\"{&quot;animation&quot;:&quot;fadeInRight&quot;}\">\n\t\t<div class=\"elementor-element elementor-element-847d6c4 e-con-full e-flex e-con e-child\" data-id=\"847d6c4\" data-element_type=\"container\" data-e-type=\"container\">\n\t\t\t\t<div class=\"elementor-element elementor-element-b1fd45a elementor-widget elementor-widget-heading\" data-id=\"b1fd45a\" data-element_type=\"widget\" data-e-type=\"widget\" data-widget_type=\"heading.default\">\n\t\t\t\t<div class=\"elementor-widget-container\">\n\t\t\t\t\t<h6 class=\"elementor-heading-title elementor-size-default\">\u00bfPor qu\u00e9 elegir ToyoAsesores?<\/h6>\t\t\t\t<\/div>\n\t\t\t\t<\/div>\n\t\t\t\t<div class=\"elementor-element elementor-element-cc1f689 elementor-widget elementor-widget-heading\" data-id=\"cc1f689\" data-element_type=\"widget\" data-e-type=\"widget\" data-widget_type=\"heading.default\">\n\t\t\t\t<div class=\"elementor-widget-container\">\n\t\t\t\t\t<h2 class=\"elementor-heading-title elementor-size-default\">Elegir ToyoAsesores es elegir confianza, experiencia y compromiso real<\/h2>\t\t\t\t<\/div>\n\t\t\t\t<\/div>\n\t\t\t\t<div class=\"elementor-element elementor-element-407928e elementor-widget elementor-widget-text-editor\" data-id=\"407928e\" data-element_type=\"widget\" data-e-type=\"widget\" data-widget_type=\"text-editor.default\">\n\t\t\t\t<div class=\"elementor-widget-container\">\n\t\t\t\t\t\t\t\t\t<p data-start=\"653\" data-end=\"705\">M\u00e1s all\u00e1 de los servicios, lo que nos distingue es la forma en que los ofrecemos. Asesoramos a un n\u00famero limitado de empresas para garantizar un trato cercano, estrat\u00e9gico y de m\u00e1xima calidad. Aqu\u00ed, cada cliente cuenta de verdad.<\/p>\t\t\t\t\t\t\t\t<\/div>\n\t\t\t\t<\/div>\n\t\t\t\t<div class=\"elementor-element elementor-element-c166353 elementor-icon-list--layout-traditional elementor-list-item-link-full_width elementor-invisible elementor-widget elementor-widget-icon-list\" data-id=\"c166353\" data-element_type=\"widget\" data-e-type=\"widget\" data-settings=\"{&quot;_animation&quot;:&quot;fadeInLeft&quot;}\" data-widget_type=\"icon-list.default\">\n\t\t\t\t<div class=\"elementor-widget-container\">\n\t\t\t\t\t\t\t<ul class=\"elementor-icon-list-items\">\n\t\t\t\t\t\t\t<li class=\"elementor-icon-list-item\">\n\t\t\t\t\t\t\t\t\t\t\t<span class=\"elementor-icon-list-icon\">\n\t\t\t\t\t\t\t<i aria-hidden=\"true\" class=\"fas fa-check\"><\/i>\t\t\t\t\t\t<\/span>\n\t\t\t\t\t\t\t\t\t\t<span class=\"elementor-icon-list-text\">Asesor\u00eda 100\u202f% personalizada<\/span>\n\t\t\t\t\t\t\t\t\t<\/li>\n\t\t\t\t\t\t\t\t<li class=\"elementor-icon-list-item\">\n\t\t\t\t\t\t\t\t\t\t\t<span class=\"elementor-icon-list-icon\">\n\t\t\t\t\t\t\t<i aria-hidden=\"true\" class=\"fas fa-check\"><\/i>\t\t\t\t\t\t<\/span>\n\t\t\t\t\t\t\t\t\t\t<span class=\"elementor-icon-list-text\">Especializaci\u00f3n en empresas y aut\u00f3nomos<\/span>\n\t\t\t\t\t\t\t\t\t<\/li>\n\t\t\t\t\t\t\t\t<li class=\"elementor-icon-list-item\">\n\t\t\t\t\t\t\t\t\t\t\t<span class=\"elementor-icon-list-icon\">\n\t\t\t\t\t\t\t<i aria-hidden=\"true\" class=\"fas fa-check\"><\/i>\t\t\t\t\t\t<\/span>\n\t\t\t\t\t\t\t\t\t\t<span class=\"elementor-icon-list-text\">Trato directo, sin intermediarios ni llamadas impersonales<\/span>\n\t\t\t\t\t\t\t\t\t<\/li>\n\t\t\t\t\t\t\t\t<li class=\"elementor-icon-list-item\">\n\t\t\t\t\t\t\t\t\t\t\t<span class=\"elementor-icon-list-icon\">\n\t\t\t\t\t\t\t<i aria-hidden=\"true\" class=\"fas fa-check\"><\/i>\t\t\t\t\t\t<\/span>\n\t\t\t\t\t\t\t\t\t\t<span class=\"elementor-icon-list-text\">Revisi\u00f3n peri\u00f3dica de tu situaci\u00f3n para anticiparnos<\/span>\n\t\t\t\t\t\t\t\t\t<\/li>\n\t\t\t\t\t\t\t\t<li class=\"elementor-icon-list-item\">\n\t\t\t\t\t\t\t\t\t\t\t<span class=\"elementor-icon-list-icon\">\n\t\t\t\t\t\t\t<i aria-hidden=\"true\" class=\"fas fa-check\"><\/i>\t\t\t\t\t\t<\/span>\n\t\t\t\t\t\t\t\t\t\t<span class=\"elementor-icon-list-text\">Transparencia, confianza y acompa\u00f1amiento constante<\/span>\n\t\t\t\t\t\t\t\t\t<\/li>\n\t\t\t\t\t\t\t\t<li class=\"elementor-icon-list-item\">\n\t\t\t\t\t\t\t\t\t\t\t<span class=\"elementor-icon-list-icon\">\n\t\t\t\t\t\t\t<i aria-hidden=\"true\" class=\"fas fa-check\"><\/i>\t\t\t\t\t\t<\/span>\n\t\t\t\t\t\t\t\t\t\t<span class=\"elementor-icon-list-text\">Atenci\u00f3n jur\u00eddica, fiscal y laboral centralizada en un solo equipo<\/span>\n\t\t\t\t\t\t\t\t\t<\/li>\n\t\t\t\t\t\t<\/ul>\n\t\t\t\t\t\t<\/div>\n\t\t\t\t<\/div>\n\t\t\t\t<\/div>\n\t\t\t\t<\/div>\n\t\t\t\t<\/div>\n\t\t\t\t<\/div>\n\t\t\t\t\t<\/div>\n\t\t\t\t<\/div>\n\t\t\t\t<\/div>\n\t\t","protected":false},"excerpt":{"rendered":"<p>Tu empresa merece un acompa\u00f1amiento legal y fiscal a la altura de sus objetivos En ToyoAsesores ofrecemos soluciones fiscales, contables, laborales y jur\u00eddicas con un enfoque estrat\u00e9gico y personalizado para empresas que valoran la excelencia. Asesor\u00eda Fiscal para Empresas Optimiza tus impuestos con seguridad y visi\u00f3n estrat\u00e9gica En ToyoAsesores te ayudamos a planificar, cumplir y [&hellip;]<\/p>\n","protected":false},"author":1,"featured_media":0,"parent":0,"menu_order":0,"comment_status":"closed","ping_status":"closed","template":"elementor_header_footer","meta":{"_acf_changed":false,"footnotes":""},"class_list":["post-1952","page","type-page","status-publish","hentry"],"acf":[],"_links":{"self":[{"href":"https:\/\/toyoasesores.codimatic.com\/index.php\/wp-json\/wp\/v2\/pages\/1952","targetHints":{"allow":["GET"]}}],"collection":[{"href":"https:\/\/toyoasesores.codimatic.com\/index.php\/wp-json\/wp\/v2\/pages"}],"about":[{"href":"https:\/\/toyoasesores.codimatic.com\/index.php\/wp-json\/wp\/v2\/types\/page"}],"author":[{"embeddable":true,"href":"https:\/\/toyoasesores.codimatic.com\/index.php\/wp-json\/wp\/v2\/users\/1"}],"replies":[{"embeddable":true,"href":"https:\/\/toyoasesores.codimatic.com\/index.php\/wp-json\/wp\/v2\/comments?post=1952"}],"version-history":[{"count":40,"href":"https:\/\/toyoasesores.codimatic.com\/index.php\/wp-json\/wp\/v2\/pages\/1952\/revisions"}],"predecessor-version":[{"id":2454,"href":"https:\/\/toyoasesores.codimatic.com\/index.php\/wp-json\/wp\/v2\/pages\/1952\/revisions\/2454"}],"wp:attachment":[{"href":"https:\/\/toyoasesores.codimatic.com\/index.php\/wp-json\/wp\/v2\/media?parent=1952"}],"curies":[{"name":"wp","href":"https:\/\/api.w.org\/{rel}","templated":true}]}}