{"id":378,"date":"2025-04-17T03:53:00","date_gmt":"2025-04-17T03:53:00","guid":{"rendered":"https:\/\/solvior.themejunction.net\/?page_id=378"},"modified":"2025-09-24T16:45:59","modified_gmt":"2025-09-24T16:45:59","slug":"sobre-nosotros","status":"publish","type":"page","link":"https:\/\/toyoasesores.codimatic.com\/index.php\/sobre-nosotros\/","title":{"rendered":"Sobre nosotros"},"content":{"rendered":"\t\t<div data-elementor-type=\"wp-page\" data-elementor-id=\"378\" class=\"elementor elementor-378\">\n\t\t\t\t<div class=\"elementor-element elementor-element-dea8e63 section-space e-flex e-con-boxed e-con e-parent\" data-id=\"dea8e63\" data-element_type=\"container\" data-e-type=\"container\">\n\t\t\t\t\t<div class=\"e-con-inner\">\n\t\t<div class=\"elementor-element elementor-element-453d0d1 e-con-full e-flex e-con e-child\" data-id=\"453d0d1\" data-element_type=\"container\" data-e-type=\"container\">\n\t\t\t\t<div class=\"elementor-element elementor-element-924ce08 tj_section_align elementor-align-start elementor-widget elementor-widget-tj-title\" data-id=\"924ce08\" data-element_type=\"widget\" data-e-type=\"widget\" data-widget_type=\"tj-title.default\">\n\t\t\t\t<div class=\"elementor-widget-container\">\n\t\t\t\t\t\r\n<div class=\"sec-heading\">\r\n\r\n      <span data-wow-delay=\"0.1s\" class=\"sub-title wow fadeInUp\">\r\n      sobre nosotros    <\/span>\r\n  \r\n  <h2 class=\"sec-title text-anim\">Una asesor\u00eda que trabaja como parte de tu equipo<\/h2>\r\n  <\/div>\r\n\r\n\t\t\t\t<\/div>\n\t\t\t\t<\/div>\n\t\t\t\t<\/div>\n\t\t<div class=\"elementor-element elementor-element-045d773 e-con-full e-flex e-con e-child\" data-id=\"045d773\" data-element_type=\"container\" data-e-type=\"container\">\n\t\t\t\t<div class=\"elementor-element elementor-element-cb678b0 elementor-widget elementor-widget-tj-text\" data-id=\"cb678b0\" data-element_type=\"widget\" data-e-type=\"widget\" data-widget_type=\"tj-text.default\">\n\t\t\t\t<div class=\"elementor-widget-container\">\n\t\t\t\t\t      <div data-wow-delay=\"0.1s\" class=\"editor_text wow fadeInUp\"><p>ToyoAsesores nace con una idea clara: ofrecer a las empresas un servicio de asesor\u00eda profesional que combine conocimientos t\u00e9cnicos con cercan\u00eda, honestidad y dedicaci\u00f3n.<\/p><\/div>\r\n\t\t\t\t<\/div>\n\t\t\t\t<\/div>\n\t\t\t\t<div class=\"elementor-element elementor-element-940fc75 elementor-widget elementor-widget-tj-text\" data-id=\"940fc75\" data-element_type=\"widget\" data-e-type=\"widget\" data-widget_type=\"tj-text.default\">\n\t\t\t\t<div class=\"elementor-widget-container\">\n\t\t\t\t\t      <div data-wow-delay=\"0.3s\" class=\"editor_text wow fadeInUp\"><p>Nos alejamos del modelo de gestor\u00eda de volumen. Preferimos trabajar con menos clientes, pero de forma m\u00e1s profunda y estrat\u00e9gica. Cada empresa con la que colaboramos recibe tiempo, seguimiento, implicaci\u00f3n y respuestas claras.<\/p><\/div>\r\n\t\t\t\t<\/div>\n\t\t\t\t<\/div>\n\t\t\t\t<div class=\"elementor-element elementor-element-9d4f0e3 tj_el_button elementor-align-left elementor-widget elementor-widget-tj-button\" data-id=\"9d4f0e3\" data-element_type=\"widget\" data-e-type=\"widget\" data-widget_type=\"tj-button.default\">\n\t\t\t\t<div class=\"elementor-widget-container\">\n\t\t\t\t\t    <div class=\"tj_btn_wrapper\">\r\n\r\n      \r\n        <a data-wow-delay=\"0.3s\" href=\"https:\/\/toyoasesores.codimatic.com\/index.php\/contacto\/\" target=\"_self\" class=\"tj-primary-btn wow fadeInUp\">\r\n          <span class=\"btn_inner\">\r\n                          <span class=\"btn_icon\">\r\n                <span>\r\n                  <i aria-hidden=\"true\" class=\"tji-arrow-right tji\"><\/i>                  <i aria-hidden=\"true\" class=\"tji-arrow-right tji\"><\/i>                <\/span>\r\n              <\/span>\r\n                        <span class=\"btn_text\">\r\n              <span>\r\n                Quiero conocer m\u00e1s              <\/span>\r\n            <\/span>\r\n          <\/span>\r\n        <\/a>\r\n          <\/div>\r\n\r\n\t\t\t\t<\/div>\n\t\t\t\t<\/div>\n\t\t\t\t<\/div>\n\t\t\t\t\t<\/div>\n\t\t\t\t<\/div>\n\t\t<div class=\"elementor-element elementor-element-0bae856 e-flex e-con-boxed e-con e-parent\" data-id=\"0bae856\" data-element_type=\"container\" data-e-type=\"container\">\n\t\t\t\t\t<div class=\"e-con-inner\">\n\t\t<div class=\"elementor-element elementor-element-6e3b866 e-con-full e-flex e-con e-child\" data-id=\"6e3b866\" data-element_type=\"container\" data-e-type=\"container\">\n\t\t<div class=\"elementor-element elementor-element-8a926a5 e-grid e-con-full e-con e-child\" data-id=\"8a926a5\" data-element_type=\"container\" data-e-type=\"container\">\n\t\t\t\t<div class=\"elementor-element elementor-element-6f2c891 elementor-widget elementor-widget-tj-feature\" data-id=\"6f2c891\" data-element_type=\"widget\" data-e-type=\"widget\" data-widget_type=\"tj-feature.default\">\n\t\t\t\t<div class=\"elementor-widget-container\">\n\t\t\t\t\t\r\n<div data-wow-delay=\"0.1s\" class=\"feature-item feature-el-item wow fadeInUp\">\r\n  <!-- icon -->\r\n                <div class=\"feature-icon\">\r\n        <img decoding=\"async\" src=\"https:\/\/solvior.themejunction.net\/wp-content\/uploads\/2025\/04\/quick.svg\" alt=\"\" \/>\r\n      <\/div>\r\n      \r\n  <div class=\"feature-content\">\r\n              <div class=\"desc\">\r\n        Te escuchamos: nos interesamos por ti, tu negocio y tus objetivos.      <\/div>\r\n      <\/div>\r\n<\/div>\t\t\t\t<\/div>\n\t\t\t\t<\/div>\n\t\t\t\t<div class=\"elementor-element elementor-element-8b2a74d elementor-widget elementor-widget-tj-feature\" data-id=\"8b2a74d\" data-element_type=\"widget\" data-e-type=\"widget\" data-widget_type=\"tj-feature.default\">\n\t\t\t\t<div class=\"elementor-widget-container\">\n\t\t\t\t\t\r\n<div data-wow-delay=\"0.3s\" class=\"feature-item feature-el-item wow fadeInUp\">\r\n  <!-- icon -->\r\n                <div class=\"feature-icon\">\r\n        <img decoding=\"async\" src=\"https:\/\/solvior.themejunction.net\/wp-content\/uploads\/2025\/04\/expert.svg\" alt=\"\" \/>\r\n      <\/div>\r\n      \r\n  <div class=\"feature-content\">\r\n              <div class=\"desc\">\r\n        No aplicamos soluciones gen\u00e9ricas: cada empresa tiene su propio plan      <\/div>\r\n      <\/div>\r\n<\/div>\t\t\t\t<\/div>\n\t\t\t\t<\/div>\n\t\t\t\t<div class=\"elementor-element elementor-element-28fc099 elementor-widget elementor-widget-tj-feature\" data-id=\"28fc099\" data-element_type=\"widget\" data-e-type=\"widget\" data-widget_type=\"tj-feature.default\">\n\t\t\t\t<div class=\"elementor-widget-container\">\n\t\t\t\t\t\r\n<div data-wow-delay=\"0.5s\" class=\"feature-item feature-el-item wow fadeInUp\">\r\n  <!-- icon -->\r\n                <div class=\"feature-icon\">\r\n        <img decoding=\"async\" src=\"https:\/\/solvior.themejunction.net\/wp-content\/uploads\/2025\/04\/strategic.svg\" alt=\"\" \/>\r\n      <\/div>\r\n      \r\n  <div class=\"feature-content\">\r\n              <div class=\"desc\">\r\n        Nos implicamos como si fu\u00e9ramos parte de tu equipo.      <\/div>\r\n      <\/div>\r\n<\/div>\t\t\t\t<\/div>\n\t\t\t\t<\/div>\n\t\t\t\t<div class=\"elementor-element elementor-element-45d367c elementor-widget elementor-widget-tj-feature\" data-id=\"45d367c\" data-element_type=\"widget\" data-e-type=\"widget\" data-widget_type=\"tj-feature.default\">\n\t\t\t\t<div class=\"elementor-widget-container\">\n\t\t\t\t\t\r\n<div data-wow-delay=\"0.7s\" class=\"feature-item feature-el-item wow fadeInUp\">\r\n  <!-- icon -->\r\n                <div class=\"feature-icon\">\r\n        <img decoding=\"async\" src=\"https:\/\/solvior.themejunction.net\/wp-content\/uploads\/2025\/04\/efficient.svg\" alt=\"\" \/>\r\n      <\/div>\r\n      \r\n  <div class=\"feature-content\">\r\n              <div class=\"desc\">\r\n        Priorizamos la prevenci\u00f3n: anticiparnos es nuestro trabajo.      <\/div>\r\n      <\/div>\r\n<\/div>\t\t\t\t<\/div>\n\t\t\t\t<\/div>\n\t\t\t\t<\/div>\n\t\t\t\t<\/div>\n\t\t\t\t\t<\/div>\n\t\t\t\t<\/div>\n\t\t<div class=\"elementor-element elementor-element-8a5ef9a e-con-full e-flex e-con e-parent\" data-id=\"8a5ef9a\" data-element_type=\"container\" data-e-type=\"container\">\n\t\t\t\t<div class=\"elementor-element elementor-element-e58ac28 elementor-widget elementor-widget-tj-about-two\" data-id=\"e58ac28\" data-element_type=\"widget\" data-e-type=\"widget\" data-widget_type=\"tj-about-two.default\">\n\t\t\t\t<div class=\"elementor-widget-container\">\n\t\t\t\t\t\r\n<section class=\"tj-evolute-area\">\r\n  <div class=\"container-fluid p-0 d-none d-xxl-block\">\r\n    <div class=\"row g-0\">\r\n      <div class=\"col-lg-7\">\r\n        <div class=\"tj-evolute\">\r\n          <h2 data-wow-delay=\"0.1s\" class=\"tj-evolute-title mb-30 wow fadeInUp\">M\u00e1s que asesores, aliados para tu tranquilidad empresarial<\/h2>                      <div data-wow-delay=\"0.3s\" class=\"desc mb-60 wow fadeInUp\">\r\n              <ul><li><p>Asesoramiento especializado en empresas<\/p><\/li><li><p>Trato cercano y sin automatismos<\/p><\/li><li><p>Respuesta r\u00e1pida y eficaz<\/p><\/li><li><p>Alto nivel de implicaci\u00f3n en cada caso<\/p><\/li><li><p>\u00a0Compromiso con tu crecimiento y estabilidad<\/p><\/li><\/ul>            <\/div>\r\n                                <div data-wow-delay=\"0.1s\" class=\"tj-evolute-counter wow fadeInUp\">\r\n                              <div class=\"counter-item\">\r\n                  <div class=\"number\">\r\n                    +                    <span class=\"odometer\" data-count=\"95\">0<\/span>\r\n                    %                  <\/div>\r\n                                      <span class=\"sub-title\">\r\n                      de clientes satisfechos                    <\/span>\r\n                                  <\/div>\r\n                          <\/div>\r\n                  <\/div>\r\n      <\/div>\r\n      <div class=\"col-lg-5\">\r\n        <div data-wow-delay=\"0.1s\" class=\"tj-evolute-image hover:shine wow fadeInUp\">\r\n                      <img decoding=\"async\" src=\"https:\/\/solvior.themejunction.net\/wp-content\/uploads\/2025\/04\/evolute.webp\" alt=\"\">\r\n                            <\/div>\r\n      <\/div>\r\n    <\/div>\r\n  <\/div>\r\n  <!-- lg device -->\r\n  <div class=\"container d-xxl-none\">\r\n    <div class=\"row rg-50 align-items-center\">\r\n      <div class=\"col-xl-6 col-12\">\r\n        <div class=\"tj-evolute\">\r\n          <h2 data-wow-delay=\"0.1s\" class=\"tj-evolute-title mb-30 wow fadeInUp\">M\u00e1s que asesores, aliados para tu tranquilidad empresarial<\/h2>                      <div data-wow-delay=\"0.3s\" class=\"desc mb-60 wow fadeInUp\">\r\n              <ul><li><p>Asesoramiento especializado en empresas<\/p><\/li><li><p>Trato cercano y sin automatismos<\/p><\/li><li><p>Respuesta r\u00e1pida y eficaz<\/p><\/li><li><p>Alto nivel de implicaci\u00f3n en cada caso<\/p><\/li><li><p>\u00a0Compromiso con tu crecimiento y estabilidad<\/p><\/li><\/ul>            <\/div>\r\n                                <div data-wow-delay=\"0.1s\" class=\"tj-evolute-counter wow fadeInUp\">\r\n                              <div class=\"counter-item\">\r\n                  <div class=\"number\">\r\n                    +                    <span class=\"odometer\" data-count=\"95\">0<\/span>\r\n                    %                  <\/div>\r\n                                      <span class=\"sub-title\">\r\n                      de clientes satisfechos                    <\/span>\r\n                                  <\/div>\r\n                          <\/div>\r\n                  <\/div>\r\n      <\/div>\r\n      <div class=\"col-xl-6 col-12\">\r\n        <div data-wow-delay=\"0.1s\" class=\"tj-evolute-image hover:shine wow fadeInUp\">\r\n                      <img decoding=\"async\" src=\"https:\/\/solvior.themejunction.net\/wp-content\/uploads\/2025\/04\/evolute.webp\" alt=\"\">\r\n                            <\/div>\r\n      <\/div>\r\n    <\/div>\r\n  <\/div>\r\n<\/section>\t\t\t\t<\/div>\n\t\t\t\t<\/div>\n\t\t\t\t<\/div>\n\t\t\t\t<\/div>\n\t\t","protected":false},"excerpt":{"rendered":"<p>sobre nosotros Una asesor\u00eda que trabaja como parte de tu equipo ToyoAsesores nace con una idea clara: ofrecer a las empresas un servicio de asesor\u00eda profesional que combine conocimientos t\u00e9cnicos con cercan\u00eda, honestidad y dedicaci\u00f3n. Nos alejamos del modelo de gestor\u00eda de volumen. Preferimos trabajar con menos clientes, pero de forma m\u00e1s profunda y estrat\u00e9gica. [&hellip;]<\/p>\n","protected":false},"author":1,"featured_media":0,"parent":0,"menu_order":0,"comment_status":"closed","ping_status":"closed","template":"elementor_header_footer","meta":{"_acf_changed":false,"footnotes":""},"class_list":["post-378","page","type-page","status-publish","hentry"],"acf":[],"_links":{"self":[{"href":"https:\/\/toyoasesores.codimatic.com\/index.php\/wp-json\/wp\/v2\/pages\/378","targetHints":{"allow":["GET"]}}],"collection":[{"href":"https:\/\/toyoasesores.codimatic.com\/index.php\/wp-json\/wp\/v2\/pages"}],"about":[{"href":"https:\/\/toyoasesores.codimatic.com\/index.php\/wp-json\/wp\/v2\/types\/page"}],"author":[{"embeddable":true,"href":"https:\/\/toyoasesores.codimatic.com\/index.php\/wp-json\/wp\/v2\/users\/1"}],"replies":[{"embeddable":true,"href":"https:\/\/toyoasesores.codimatic.com\/index.php\/wp-json\/wp\/v2\/comments?post=378"}],"version-history":[{"count":5,"href":"https:\/\/toyoasesores.codimatic.com\/index.php\/wp-json\/wp\/v2\/pages\/378\/revisions"}],"predecessor-version":[{"id":2424,"href":"https:\/\/toyoasesores.codimatic.com\/index.php\/wp-json\/wp\/v2\/pages\/378\/revisions\/2424"}],"wp:attachment":[{"href":"https:\/\/toyoasesores.codimatic.com\/index.php\/wp-json\/wp\/v2\/media?parent=378"}],"curies":[{"name":"wp","href":"https:\/\/api.w.org\/{rel}","templated":true}]}}