{"id":379,"date":"2025-04-17T03:53:10","date_gmt":"2025-04-17T03:53:10","guid":{"rendered":"https:\/\/solvior.themejunction.net\/?page_id=379"},"modified":"2025-09-29T12:10:07","modified_gmt":"2025-09-29T12:10:07","slug":"contacto","status":"publish","type":"page","link":"https:\/\/toyoasesores.codimatic.com\/index.php\/contacto\/","title":{"rendered":"Contacto"},"content":{"rendered":"\t\t<div data-elementor-type=\"wp-page\" data-elementor-id=\"379\" class=\"elementor elementor-379\">\n\t\t\t\t<div class=\"elementor-element elementor-element-72bf1d3 e-flex e-con-boxed e-con e-parent\" data-id=\"72bf1d3\" data-element_type=\"container\" data-e-type=\"container\">\n\t\t\t\t\t<div class=\"e-con-inner\">\n\t\t<div class=\"elementor-element elementor-element-e54b433 e-con-full e-flex e-con e-child\" data-id=\"e54b433\" data-element_type=\"container\" data-e-type=\"container\">\n\t\t\t\t<div class=\"elementor-element elementor-element-be84765 tj_section_align elementor-align-center elementor-widget elementor-widget-tj-title\" data-id=\"be84765\" data-element_type=\"widget\" data-e-type=\"widget\" data-widget_type=\"tj-title.default\">\n\t\t\t\t<div class=\"elementor-widget-container\">\n\t\t\t\t\t\r\n<div class=\"sec-heading\">\r\n\r\n      <span data-wow-delay=\"0.1s\" class=\"sub-title wow fadeInUp\">\r\n      CONTACTo    <\/span>\r\n  \r\n  <h2 class=\"sec-title text-anim\">\u00bfHablamos?<\/h2>\r\n  <\/div>\r\n\r\n\t\t\t\t<\/div>\n\t\t\t\t<\/div>\n\t\t\t\t<\/div>\n\t\t<div class=\"elementor-element elementor-element-253e10f e-con-full e-flex e-con e-child\" data-id=\"253e10f\" data-element_type=\"container\" data-e-type=\"container\">\n\t\t<div class=\"elementor-element elementor-element-a0f75c7 e-grid e-con-full e-con e-child\" data-id=\"a0f75c7\" data-element_type=\"container\" data-e-type=\"container\">\n\t\t\t\t<div class=\"elementor-element elementor-element-a40100a elementor-widget elementor-widget-tj-contact-info\" data-id=\"a40100a\" data-element_type=\"widget\" data-e-type=\"widget\" data-widget_type=\"tj-contact-info.default\">\n\t\t\t\t<div class=\"elementor-widget-container\">\n\t\t\t\t\t\r\n<div data-wow-delay=\"0.1s\" class=\"contact-item style-2 wow fadeInUp\">\r\n            <div class=\"contact-icon\">\r\n            <i aria-hidden=\"true\" class=\"tj tji-email theme-junction-icons\"><\/i>        <\/div>\r\n                <h3 class=\"contact-title\">Email<\/h3>\r\n        <ul class=\"contact-list\">\r\n                    <li class=\"\">\r\n                                                                            <a href=\"mailto:direccion@toyoasesores.com\">\r\n                            direccion@toyoasesores.com                        <\/a>\r\n                                                <\/li>\r\n            <\/ul>\r\n<\/div>\r\n\r\n\t\t\t\t<\/div>\n\t\t\t\t<\/div>\n\t\t\t\t<div class=\"elementor-element elementor-element-addf221 elementor-widget elementor-widget-tj-contact-info\" data-id=\"addf221\" data-element_type=\"widget\" data-e-type=\"widget\" data-widget_type=\"tj-contact-info.default\">\n\t\t\t\t<div class=\"elementor-widget-container\">\n\t\t\t\t\t\r\n<div data-wow-delay=\"0.3s\" class=\"contact-item style-2 wow fadeInUp\">\r\n            <div class=\"contact-icon\">\r\n            <i aria-hidden=\"true\" class=\"tj tji-phone theme-junction-icons\"><\/i>        <\/div>\r\n                <h3 class=\"contact-title\">Tel\u00e9fono<\/h3>\r\n        <ul class=\"contact-list\">\r\n                    <li class=\"\">\r\n                                                                            <a href=\"tel:607 88 65 88\">\r\n                            607 88 65 88                        <\/a>\r\n                                                <\/li>\r\n            <\/ul>\r\n<\/div>\r\n\r\n\t\t\t\t<\/div>\n\t\t\t\t<\/div>\n\t\t\t\t<div class=\"elementor-element elementor-element-e1e67dc elementor-widget elementor-widget-tj-contact-info\" data-id=\"e1e67dc\" data-element_type=\"widget\" data-e-type=\"widget\" data-widget_type=\"tj-contact-info.default\">\n\t\t\t\t<div class=\"elementor-widget-container\">\n\t\t\t\t\t\r\n<div data-wow-delay=\"0.3s\" class=\"contact-item style-2 wow fadeInUp\">\r\n            <div class=\"contact-icon\">\r\n            <i aria-hidden=\"true\" class=\"tj tji-location theme-junction-icons\"><\/i>        <\/div>\r\n                <h3 class=\"contact-title\">Ubicaci\u00f3n<\/h3>\r\n        <ul class=\"contact-list\">\r\n                    <li class=\"\">\r\n                                                                            <p>Camino de la Botica 11 Local 1, 04131 - Retamar (Almer\u00ed\u00ada)<\/p>\r\n                                                <\/li>\r\n            <\/ul>\r\n<\/div>\r\n\r\n\t\t\t\t<\/div>\n\t\t\t\t<\/div>\n\t\t\t\t<\/div>\n\t\t\t\t<\/div>\n\t\t\t\t\t<\/div>\n\t\t\t\t<\/div>\n\t\t<div class=\"elementor-element elementor-element-6971d3c section-bottom-space e-flex e-con-boxed e-con e-parent\" data-id=\"6971d3c\" data-element_type=\"container\" data-e-type=\"container\">\n\t\t\t\t\t<div class=\"e-con-inner\">\n\t\t<div class=\"elementor-element elementor-element-26eedb5 e-grid e-con-full e-con e-child\" data-id=\"26eedb5\" data-element_type=\"container\" data-e-type=\"container\">\n\t\t\t\t<div class=\"elementor-element elementor-element-d4b2ae5 elementor-widget elementor-widget-tj-form\" data-id=\"d4b2ae5\" data-element_type=\"widget\" data-e-type=\"widget\" data-widget_type=\"tj-form.default\">\n\t\t\t\t<div class=\"elementor-widget-container\">\n\t\t\t\t\t\r\n<div data-wow-delay=\"0.1s\" class=\"tj-form contact-form-one style-2 wow fadeInUp\">\r\n      <h3 class=\"title text-anim\">Envianos un  <span>mensaje<\/span> o vis\u00edtanos<\/h3>\r\n  \r\n      \n<div class=\"wpcf7 no-js\" id=\"wpcf7-f893-o1\" lang=\"en-US\" dir=\"ltr\" data-wpcf7-id=\"893\">\n<div class=\"screen-reader-response\"><p role=\"status\" aria-live=\"polite\" aria-atomic=\"true\"><\/p> <ul><\/ul><\/div>\n<form action=\"\/index.php\/wp-json\/wp\/v2\/pages\/379#wpcf7-f893-o1\" method=\"post\" class=\"wpcf7-form init\" aria-label=\"Contact form\" novalidate=\"novalidate\" data-status=\"init\">\n<fieldset class=\"hidden-fields-container\"><input type=\"hidden\" name=\"_wpcf7\" value=\"893\" \/><input type=\"hidden\" name=\"_wpcf7_version\" value=\"6.1.5\" \/><input type=\"hidden\" name=\"_wpcf7_locale\" value=\"en_US\" \/><input type=\"hidden\" name=\"_wpcf7_unit_tag\" value=\"wpcf7-f893-o1\" \/><input type=\"hidden\" name=\"_wpcf7_container_post\" value=\"0\" \/><input type=\"hidden\" name=\"_wpcf7_posted_data_hash\" value=\"\" \/>\n<\/fieldset>\n<div class=\"row\">\n  <div class=\"col-sm-6\">\n    <div class=\"form-input\">\n      <span class=\"wpcf7-form-control-wrap\" data-name=\"sv_name\"><input size=\"40\" maxlength=\"400\" class=\"wpcf7-form-control wpcf7-text\" aria-invalid=\"false\" placeholder=\"Nombre\" value=\"\" type=\"text\" name=\"sv_name\" \/><\/span>\n    <\/div>\n  <\/div>\n  <div class=\"col-sm-6\">\n    <div class=\"form-input\">\n      <span class=\"wpcf7-form-control-wrap\" data-name=\"sv_email\"><input size=\"40\" maxlength=\"400\" class=\"wpcf7-form-control wpcf7-email wpcf7-text wpcf7-validates-as-email\" aria-invalid=\"false\" placeholder=\"Email\" value=\"\" type=\"email\" name=\"sv_email\" \/><\/span>\n    <\/div>\n  <\/div>\n  <div class=\"col-sm-6\">\n    <div class=\"form-input\">\n      <span class=\"wpcf7-form-control-wrap\" data-name=\"sv_phone\"><input size=\"40\" maxlength=\"400\" class=\"wpcf7-form-control wpcf7-tel wpcf7-text wpcf7-validates-as-tel\" aria-invalid=\"false\" placeholder=\"Tel\u00e9fono\" value=\"\" type=\"tel\" name=\"sv_phone\" \/><\/span>\n    <\/div>\n  <\/div>\n  <div class=\"col-sm-6\">\n    <div class=\"form-input\">\n      <div class=\"tj-nice-select-box\">\n        <div class=\"tj-select\">\n          <span class=\"wpcf7-form-control-wrap\" data-name=\"sv_select\"><select class=\"wpcf7-form-control wpcf7-select nice-select\" aria-invalid=\"false\" name=\"sv_select\"><option value=\"Elige una opci\u00f3n\">Elige una opci\u00f3n<\/option><option value=\"Asesor\u00eda Fiscal para Empresas\">Asesor\u00eda Fiscal para Empresas<\/option><option value=\"Asesor\u00eda Contable Profesional\">Asesor\u00eda Contable Profesional<\/option><option value=\"Asesor\u00eda Laboral para Empresas\">Asesor\u00eda Laboral para Empresas<\/option><option value=\"Asesor\u00eda Jur\u00eddica Empresarial\">Asesor\u00eda Jur\u00eddica Empresarial<\/option><option value=\"Gesti\u00f3n de Herencias y Tr\u00e1mites Notariales\">Gesti\u00f3n de Herencias y Tr\u00e1mites Notariales<\/option><\/select><\/span>\n        <\/div>\n      <\/div>\n    <\/div>\n  <\/div>\n  <div class=\"col-12\">\n    <div class=\"form-input input-textarea\">\n      <span class=\"wpcf7-form-control-wrap\" data-name=\"sv_message\"><textarea cols=\"40\" rows=\"10\" maxlength=\"2000\" class=\"wpcf7-form-control wpcf7-textarea\" aria-invalid=\"false\" placeholder=\"Escribir mensaje\" name=\"sv_message\"><\/textarea><\/span>\n    <\/div>\n  <\/div>\n  <div class=\"submit-button\">\n    <button type=\"submit\" class=\"tj-primary-btn\">\n      <span class=\"btn_inner\">\n        <span class=\"btn_icon\">\n          <span>\n            <i class=\"tji-arrow-right\"><\/i>\n            <i class=\"tji-arrow-right\"><\/i>\n          <\/span>\n        <\/span>\n        <span class=\"btn_text\">\n          <span>Enviar mensaje<\/span>\n        <\/span>\n      <\/span>\n    <\/button>\n  <\/div>\n<\/div><div class=\"wpcf7-response-output\" aria-hidden=\"true\"><\/div>\n<\/form>\n<\/div>\n  <\/div>\r\n\r\n\t\t\t\t<\/div>\n\t\t\t\t<\/div>\n\t\t\t\t<div class=\"elementor-element elementor-element-23de292 wow  fadeInUp elementor-widget elementor-widget-google_maps\" data-id=\"23de292\" data-element_type=\"widget\" data-e-type=\"widget\" data-settings=\"{&quot;_animation&quot;:&quot;none&quot;,&quot;_animation_delay&quot;:1}\" data-widget_type=\"google_maps.default\">\n\t\t\t\t<div class=\"elementor-widget-container\">\n\t\t\t\t\t\t\t<div class=\"elementor-custom-embed\">\n\t\t\t<iframe loading=\"lazy\"\n\t\t\t\t\tsrc=\"https:\/\/maps.google.com\/maps?q=Camino%20de%20la%20Botica%2011%20Local%201&#038;t=m&#038;z=11&#038;output=embed&#038;iwloc=near\"\n\t\t\t\t\ttitle=\"Camino de la Botica 11 Local 1\"\n\t\t\t\t\taria-label=\"Camino de la Botica 11 Local 1\"\n\t\t\t><\/iframe>\n\t\t<\/div>\n\t\t\t\t\t\t<\/div>\n\t\t\t\t<\/div>\n\t\t\t\t<\/div>\n\t\t\t\t\t<\/div>\n\t\t\t\t<\/div>\n\t\t\t\t<\/div>\n\t\t","protected":false},"excerpt":{"rendered":"<p>CONTACTo \u00bfHablamos? Email direccion@toyoasesores.com Tel\u00e9fono 607 88 65 88 Ubicaci\u00f3n Camino de la Botica 11 Local 1, 04131 &#8211; Retamar (Almer\u00ed\u00ada) Envianos un mensaje o vis\u00edtanos Elige una opci\u00f3nAsesor\u00eda Fiscal para EmpresasAsesor\u00eda Contable ProfesionalAsesor\u00eda Laboral para EmpresasAsesor\u00eda Jur\u00eddica EmpresarialGesti\u00f3n de Herencias y Tr\u00e1mites Notariales Enviar mensaje<\/p>\n","protected":false},"author":1,"featured_media":0,"parent":0,"menu_order":0,"comment_status":"closed","ping_status":"closed","template":"elementor_header_footer","meta":{"_acf_changed":false,"footnotes":""},"class_list":["post-379","page","type-page","status-publish","hentry"],"acf":[],"_links":{"self":[{"href":"https:\/\/toyoasesores.codimatic.com\/index.php\/wp-json\/wp\/v2\/pages\/379","targetHints":{"allow":["GET"]}}],"collection":[{"href":"https:\/\/toyoasesores.codimatic.com\/index.php\/wp-json\/wp\/v2\/pages"}],"about":[{"href":"https:\/\/toyoasesores.codimatic.com\/index.php\/wp-json\/wp\/v2\/types\/page"}],"author":[{"embeddable":true,"href":"https:\/\/toyoasesores.codimatic.com\/index.php\/wp-json\/wp\/v2\/users\/1"}],"replies":[{"embeddable":true,"href":"https:\/\/toyoasesores.codimatic.com\/index.php\/wp-json\/wp\/v2\/comments?post=379"}],"version-history":[{"count":9,"href":"https:\/\/toyoasesores.codimatic.com\/index.php\/wp-json\/wp\/v2\/pages\/379\/revisions"}],"predecessor-version":[{"id":2471,"href":"https:\/\/toyoasesores.codimatic.com\/index.php\/wp-json\/wp\/v2\/pages\/379\/revisions\/2471"}],"wp:attachment":[{"href":"https:\/\/toyoasesores.codimatic.com\/index.php\/wp-json\/wp\/v2\/media?parent=379"}],"curies":[{"name":"wp","href":"https:\/\/api.w.org\/{rel}","templated":true}]}}